{"id":160,"date":"2022-06-14T14:42:40","date_gmt":"2022-06-14T12:42:40","guid":{"rendered":"http:\/\/mbejaouidesign.com\/?page_id=160"},"modified":"2022-06-29T17:53:53","modified_gmt":"2022-06-29T15:53:53","slug":"pimp-your-sneakers","status":"publish","type":"page","link":"https:\/\/mbejaouidesign.com\/index.php\/pimp-your-sneakers\/","title":{"rendered":"PIMP YOUR SNEAKERS"},"content":{"rendered":"<p>[et_pb_section fb_built=&#8221;1&#8243; _builder_version=&#8221;4.14.2&#8243; _module_preset=&#8221;default&#8221; global_colors_info=&#8221;{}&#8221;][et_pb_row _builder_version=&#8221;4.14.2&#8243; _module_preset=&#8221;default&#8221; global_colors_info=&#8221;{}&#8221;][et_pb_column type=&#8221;4_4&#8243; _builder_version=&#8221;4.14.2&#8243; _module_preset=&#8221;default&#8221; global_colors_info=&#8221;{}&#8221;][et_pb_image src=&#8221;http:\/\/mbejaouidesign.com\/wp-content\/uploads\/2022\/06\/LOGO-Recupere.png&#8221; title_text=&#8221;LOGO %91R\u00e9cup\u00e9r\u00e9%93&#8243; _builder_version=&#8221;4.14.2&#8243; _module_preset=&#8221;default&#8221; transform_scale=&#8221;36%|36%&#8221; transform_translate=&#8221;0px|-193px&#8221; transform_translate_linked=&#8221;off&#8221; custom_margin=&#8221;-261px||-261px||true|false&#8221; global_colors_info=&#8221;{}&#8221;][\/et_pb_image][\/et_pb_column][\/et_pb_row][\/et_pb_section][et_pb_section fb_built=&#8221;1&#8243; _builder_version=&#8221;4.14.2&#8243; _module_preset=&#8221;default&#8221; global_colors_info=&#8221;{}&#8221;][et_pb_row _builder_version=&#8221;4.14.2&#8243; _module_preset=&#8221;default&#8221; global_colors_info=&#8221;{}&#8221;][et_pb_column type=&#8221;4_4&#8243; _builder_version=&#8221;4.14.2&#8243; _module_preset=&#8221;default&#8221; global_colors_info=&#8221;{}&#8221;][et_pb_image src=&#8221;http:\/\/mbejaouidesign.com\/wp-content\/uploads\/2022\/06\/MOOD-BOARD-pdf.jpg&#8221; title_text=&#8221;MOOD BOARD&#8221; align=&#8221;center&#8221; _builder_version=&#8221;4.14.2&#8243; _module_preset=&#8221;default&#8221; custom_margin=&#8221;-107px||-107px||true|false&#8221; box_shadow_style=&#8221;preset1&#8243; global_colors_info=&#8221;{}&#8221;][\/et_pb_image][\/et_pb_column][\/et_pb_row][\/et_pb_section][et_pb_section fb_built=&#8221;1&#8243; _builder_version=&#8221;4.14.2&#8243; _module_preset=&#8221;default&#8221; global_colors_info=&#8221;{}&#8221;][et_pb_row _builder_version=&#8221;4.14.2&#8243; _module_preset=&#8221;default&#8221; column_structure=&#8221;1_2,1_2&#8243;][et_pb_column _builder_version=&#8221;4.14.2&#8243; _module_preset=&#8221;default&#8221; type=&#8221;1_2&#8243;][et_pb_text _builder_version=&#8221;4.14.2&#8243; _module_preset=&#8221;default&#8221; text_font=&#8221;Inika||||||||&#8221; text_font_size=&#8221;20px&#8221; hover_enabled=&#8221;0&#8243; sticky_enabled=&#8221;0&#8243;]<\/p>\n<p><strong>\u00c9tude de cas\u00a0<\/strong><strong><\/strong><\/p>\n<p><strong>Conception d&#8217;une application mobile permettant de personnaliser sa paire de basket avec des styles artistiques.\u00a0<\/strong><\/p>\n<p><strong>Conception du packaging<\/strong><\/p>\n<p><strong>Conception d&#8217;une vid\u00e9o<\/strong><\/p>\n<p>&nbsp;<\/p>\n<p>[\/et_pb_text][\/et_pb_column][et_pb_column _builder_version=&#8221;4.14.2&#8243; _module_preset=&#8221;default&#8221; type=&#8221;1_2&#8243;][\/et_pb_column][\/et_pb_row][\/et_pb_section][et_pb_section fb_built=&#8221;1&#8243; _builder_version=&#8221;4.14.2&#8243; _module_preset=&#8221;default&#8221; global_colors_info=&#8221;{}&#8221;][et_pb_row column_structure=&#8221;1_2,1_2&#8243; _builder_version=&#8221;4.14.2&#8243; _module_preset=&#8221;default&#8221; transform_scale=&#8221;137%|137%&#8221; custom_margin=&#8221;-37px||||false|false&#8221; global_colors_info=&#8221;{}&#8221;][et_pb_column type=&#8221;1_2&#8243; _builder_version=&#8221;4.14.2&#8243; _module_preset=&#8221;default&#8221; global_colors_info=&#8221;{}&#8221;][et_pb_image src=&#8221;http:\/\/mbejaouidesign.com\/wp-content\/uploads\/2022\/06\/BOOK-MB-213.png&#8221; title_text=&#8221;BOOK MB 213&#8243; _builder_version=&#8221;4.14.2&#8243; _module_preset=&#8221;default&#8221; global_colors_info=&#8221;{}&#8221;][\/et_pb_image][\/et_pb_column][et_pb_column type=&#8221;1_2&#8243; _builder_version=&#8221;4.14.2&#8243; _module_preset=&#8221;default&#8221; global_colors_info=&#8221;{}&#8221;][et_pb_image src=&#8221;http:\/\/mbejaouidesign.com\/wp-content\/uploads\/2022\/06\/BOOK-MB-214-1.png&#8221; title_text=&#8221;BOOK MB 214&#8243; _builder_version=&#8221;4.14.2&#8243; _module_preset=&#8221;default&#8221; transform_scale=&#8221;126%|126%&#8221; global_colors_info=&#8221;{}&#8221;][\/et_pb_image][\/et_pb_column][\/et_pb_row][et_pb_row _builder_version=&#8221;4.14.2&#8243; _module_preset=&#8221;default&#8221; global_colors_info=&#8221;{}&#8221;][et_pb_column type=&#8221;4_4&#8243; _builder_version=&#8221;4.14.2&#8243; _module_preset=&#8221;default&#8221; global_colors_info=&#8221;{}&#8221;][et_pb_image src=&#8221;http:\/\/mbejaouidesign.com\/wp-content\/uploads\/2022\/06\/BOOK-MB-217.png&#8221; title_text=&#8221;BOOK MB 217&#8243; _builder_version=&#8221;4.14.2&#8243; _module_preset=&#8221;default&#8221; transform_scale=&#8221;138%|138%&#8221; custom_margin=&#8221;28px|||61px|false|false&#8221; custom_padding=&#8221;91px|||6px|false|false&#8221; global_colors_info=&#8221;{}&#8221;][\/et_pb_image][\/et_pb_column][\/et_pb_row][et_pb_row column_structure=&#8221;1_4,3_4&#8243; _builder_version=&#8221;4.14.2&#8243; _module_preset=&#8221;default&#8221; global_colors_info=&#8221;{}&#8221;][et_pb_column type=&#8221;1_4&#8243; _builder_version=&#8221;4.14.2&#8243; _module_preset=&#8221;default&#8221; global_colors_info=&#8221;{}&#8221;][\/et_pb_column][et_pb_column type=&#8221;3_4&#8243; _builder_version=&#8221;4.14.2&#8243; _module_preset=&#8221;default&#8221; global_colors_info=&#8221;{}&#8221;][et_pb_image src=&#8221;http:\/\/mbejaouidesign.com\/wp-content\/uploads\/2022\/06\/BOOK-MB-216.png&#8221; title_text=&#8221;BOOK MB 216&#8243; _builder_version=&#8221;4.14.2&#8243; _module_preset=&#8221;default&#8221; global_colors_info=&#8221;{}&#8221;][\/et_pb_image][\/et_pb_column][\/et_pb_row][et_pb_row column_structure=&#8221;1_2,1_2&#8243; _builder_version=&#8221;4.14.2&#8243; _module_preset=&#8221;default&#8221; global_colors_info=&#8221;{}&#8221; min_height=&#8221;303px&#8221;][et_pb_column type=&#8221;1_2&#8243; _builder_version=&#8221;4.14.2&#8243; _module_preset=&#8221;default&#8221; global_colors_info=&#8221;{}&#8221;][et_pb_image src=&#8221;http:\/\/mbejaouidesign.com\/wp-content\/uploads\/2022\/06\/BOOK-MB-215.png&#8221; title_text=&#8221;BOOK MB 215&#8243; _builder_version=&#8221;4.14.2&#8243; _module_preset=&#8221;default&#8221; transform_scale=&#8221;180%|180%&#8221; global_colors_info=&#8221;{}&#8221;][\/et_pb_image][\/et_pb_column][et_pb_column type=&#8221;1_2&#8243; _builder_version=&#8221;4.14.2&#8243; _module_preset=&#8221;default&#8221; global_colors_info=&#8221;{}&#8221;][et_pb_video src=&#8221;http:\/\/mbejaouidesign.com\/wp-content\/uploads\/2022\/06\/COMPOSITION-PANNEAU-PUB_1.mp4&#8243; _builder_version=&#8221;4.14.2&#8243; _module_preset=&#8221;default&#8221; transform_scale=&#8221;156%|156%&#8221; custom_margin=&#8221;13px|3px|0px|-9px|false|false&#8221; custom_padding=&#8221;4px|4px|0px|159px|false|false&#8221; global_colors_info=&#8221;{}&#8221;][\/et_pb_video][\/et_pb_column][\/et_pb_row][\/et_pb_section][et_pb_section fb_built=&#8221;1&#8243; _builder_version=&#8221;4.14.2&#8243; _module_preset=&#8221;default&#8221; global_colors_info=&#8221;{}&#8221;][et_pb_row _builder_version=&#8221;4.14.2&#8243; _module_preset=&#8221;default&#8221; global_colors_info=&#8221;{}&#8221;][et_pb_column type=&#8221;4_4&#8243; _builder_version=&#8221;4.14.2&#8243; _module_preset=&#8221;default&#8221; global_colors_info=&#8221;{}&#8221;][\/et_pb_column][\/et_pb_row][\/et_pb_section]<\/p>\n","protected":false},"excerpt":{"rendered":"<p>\u00c9tude de cas\u00a0 Conception d&#8217;une application mobile permettant de personnaliser sa paire de basket avec des styles artistiques.\u00a0 Conception du packaging Conception d&#8217;une vid\u00e9o &nbsp;<\/p>\n","protected":false},"author":1,"featured_media":0,"parent":0,"menu_order":0,"comment_status":"closed","ping_status":"closed","template":"","meta":{"_et_pb_use_builder":"on","_et_pb_old_content":"","_et_gb_content_width":"","footnotes":""},"class_list":["post-160","page","type-page","status-publish","hentry"],"_links":{"self":[{"href":"https:\/\/mbejaouidesign.com\/index.php\/wp-json\/wp\/v2\/pages\/160","targetHints":{"allow":["GET"]}}],"collection":[{"href":"https:\/\/mbejaouidesign.com\/index.php\/wp-json\/wp\/v2\/pages"}],"about":[{"href":"https:\/\/mbejaouidesign.com\/index.php\/wp-json\/wp\/v2\/types\/page"}],"author":[{"embeddable":true,"href":"https:\/\/mbejaouidesign.com\/index.php\/wp-json\/wp\/v2\/users\/1"}],"replies":[{"embeddable":true,"href":"https:\/\/mbejaouidesign.com\/index.php\/wp-json\/wp\/v2\/comments?post=160"}],"version-history":[{"count":12,"href":"https:\/\/mbejaouidesign.com\/index.php\/wp-json\/wp\/v2\/pages\/160\/revisions"}],"predecessor-version":[{"id":380,"href":"https:\/\/mbejaouidesign.com\/index.php\/wp-json\/wp\/v2\/pages\/160\/revisions\/380"}],"wp:attachment":[{"href":"https:\/\/mbejaouidesign.com\/index.php\/wp-json\/wp\/v2\/media?parent=160"}],"curies":[{"name":"wp","href":"https:\/\/api.w.org\/{rel}","templated":true}]}}