{"id":195,"date":"2022-06-27T10:00:46","date_gmt":"2022-06-27T08:00:46","guid":{"rendered":"http:\/\/mbejaouidesign.com\/?page_id=195"},"modified":"2022-06-29T17:55:13","modified_gmt":"2022-06-29T15:55:13","slug":"loreal","status":"publish","type":"page","link":"https:\/\/mbejaouidesign.com\/index.php\/loreal\/","title":{"rendered":"L&#8217;Or\u00e9al"},"content":{"rendered":"<p>[et_pb_section fb_built=&#8221;1&#8243; _builder_version=&#8221;4.14.2&#8243; _module_preset=&#8221;default&#8221; global_colors_info=&#8221;{}&#8221;][et_pb_row _builder_version=&#8221;4.14.2&#8243; _module_preset=&#8221;default&#8221; global_colors_info=&#8221;{}&#8221;][et_pb_column type=&#8221;4_4&#8243; _builder_version=&#8221;4.14.2&#8243; _module_preset=&#8221;default&#8221; global_colors_info=&#8221;{}&#8221;][et_pb_image src=&#8221;http:\/\/mbejaouidesign.com\/wp-content\/uploads\/2022\/06\/zadig-bloc-logo-05.png&#8221; title_text=&#8221;zadig-bloc-logo-05&#8243; _builder_version=&#8221;4.14.2&#8243; _module_preset=&#8221;default&#8221; custom_margin=&#8221;-56px|||178px|false|false&#8221; custom_padding=&#8221;0px||||false|false&#8221; global_colors_info=&#8221;{}&#8221;][\/et_pb_image][\/et_pb_column][\/et_pb_row][et_pb_row _builder_version=&#8221;4.14.2&#8243; _module_preset=&#8221;default&#8221; global_colors_info=&#8221;{}&#8221;][et_pb_column type=&#8221;4_4&#8243; _builder_version=&#8221;4.14.2&#8243; _module_preset=&#8221;default&#8221; global_colors_info=&#8221;{}&#8221;][et_pb_image src=&#8221;http:\/\/mbejaouidesign.com\/wp-content\/uploads\/2022\/06\/MAEVA-BEJAOUI-M1-DA-COFFRET-DECOUVERTE-LOREAL-1-2-scaled.jpg&#8221; title_text=&#8221;MAEVA BEJAOUI &#8211; M1 DA COFFRET D\u00c9COUVERTE L&#8217;OREAL&#8221; _builder_version=&#8221;4.14.2&#8243; _module_preset=&#8221;default&#8221; box_shadow_style=&#8221;preset1&#8243; global_colors_info=&#8221;{}&#8221;][\/et_pb_image][\/et_pb_column][\/et_pb_row][\/et_pb_section][et_pb_section fb_built=&#8221;1&#8243; _builder_version=&#8221;4.14.2&#8243; _module_preset=&#8221;default&#8221; global_colors_info=&#8221;{}&#8221;][et_pb_row column_structure=&#8221;1_2,1_2&#8243; _builder_version=&#8221;4.14.2&#8243; _module_preset=&#8221;default&#8221; global_colors_info=&#8221;{}&#8221;][et_pb_column type=&#8221;1_2&#8243; _builder_version=&#8221;4.14.2&#8243; _module_preset=&#8221;default&#8221; global_colors_info=&#8221;{}&#8221;][et_pb_text _builder_version=&#8221;4.14.2&#8243; _module_preset=&#8221;default&#8221; text_font=&#8221;Inika||||||||&#8221; text_font_size=&#8221;20px&#8221; global_colors_info=&#8221;{}&#8221;]<\/p>\n<p><strong>\u00c9tude de cas <\/strong><\/p>\n<p><strong>R\u00e9alisation du packaging pour un coffret d\u00e9couverte cosm\u00e9tique L\u2019Or\u00e9al et son pr\u00e9sentoir <br \/>pour un \u00e9v\u00e8nement ponctuel.<\/strong><\/p>\n<p><strong>Concevoir les visuels de la boite (coffret), <br \/>que vous d\u00e9clinerez sur son contenu <br \/>(une bouteille de shampooing, un sachet savon liquide et un flacon de cr\u00e8me) et sur un pr\u00e9sentoir.<\/strong><\/p>\n<p><strong>Le but est de cr\u00e9er et d\u2019utiliser une identit\u00e9 visuelle <br \/>que vous appliquerez sur l\u2019ensemble des documents <br \/>(coffret + objets).<\/strong><\/p>\n<p>[\/et_pb_text][\/et_pb_column][et_pb_column type=&#8221;1_2&#8243; _builder_version=&#8221;4.14.2&#8243; _module_preset=&#8221;default&#8221; global_colors_info=&#8221;{}&#8221;][\/et_pb_column][\/et_pb_row][\/et_pb_section][et_pb_section fb_built=&#8221;1&#8243; _builder_version=&#8221;4.14.2&#8243; _module_preset=&#8221;default&#8221; global_colors_info=&#8221;{}&#8221;][et_pb_row column_structure=&#8221;1_2,1_2&#8243; _builder_version=&#8221;4.14.2&#8243; _module_preset=&#8221;default&#8221; global_colors_info=&#8221;{}&#8221;][et_pb_column type=&#8221;1_2&#8243; _builder_version=&#8221;4.14.2&#8243; _module_preset=&#8221;default&#8221; global_colors_info=&#8221;{}&#8221;][et_pb_image src=&#8221;http:\/\/mbejaouidesign.com\/wp-content\/uploads\/2022\/06\/MAEVA-BEJAOUI-M1-DA-COFFRET-DECOUVERTE-LOREAL-2-scaled.jpg&#8221; title_text=&#8221;MAEVA BEJAOUI &#8211; M1 DA COFFRET D\u00c9COUVERTE L&#8217;OREAL 2&#8243; _builder_version=&#8221;4.14.2&#8243; _module_preset=&#8221;default&#8221; transform_scale=&#8221;124%|124%&#8221; global_colors_info=&#8221;{}&#8221;][\/et_pb_image][\/et_pb_column][et_pb_column type=&#8221;1_2&#8243; _builder_version=&#8221;4.14.2&#8243; _module_preset=&#8221;default&#8221; global_colors_info=&#8221;{}&#8221;][et_pb_image src=&#8221;http:\/\/mbejaouidesign.com\/wp-content\/uploads\/2022\/06\/MAEVA-BEJAOUI-M1-DA-COFFRET-DECOUVERTE-LOREAL-3-scaled.jpg&#8221; title_text=&#8221;MAEVA BEJAOUI &#8211; M1 DA COFFRET D\u00c9COUVERTE L&#8217;OREAL 3&#8243; _builder_version=&#8221;4.14.2&#8243; _module_preset=&#8221;default&#8221; transform_scale=&#8221;124%|124%&#8221; box_shadow_style=&#8221;preset1&#8243; global_colors_info=&#8221;{}&#8221;][\/et_pb_image][\/et_pb_column][\/et_pb_row][\/et_pb_section][et_pb_section fb_built=&#8221;1&#8243; _builder_version=&#8221;4.14.2&#8243; _module_preset=&#8221;default&#8221; global_colors_info=&#8221;{}&#8221;][et_pb_row _builder_version=&#8221;4.14.2&#8243; _module_preset=&#8221;default&#8221; global_colors_info=&#8221;{}&#8221;][et_pb_column type=&#8221;4_4&#8243; _builder_version=&#8221;4.14.2&#8243; _module_preset=&#8221;default&#8221; global_colors_info=&#8221;{}&#8221;][et_pb_image src=&#8221;http:\/\/mbejaouidesign.com\/wp-content\/uploads\/2022\/06\/MAEVA-BEJAOUI-M1-DA-COFFRET-DECOUVERTE-LOREAL-4-1-scaled.jpg&#8221; title_text=&#8221;MAEVA BEJAOUI &#8211; M1 DA COFFRET D\u00c9COUVERTE L&#8217;OREAL 4&#8243; _builder_version=&#8221;4.14.2&#8243; _module_preset=&#8221;default&#8221; box_shadow_style=&#8221;preset1&#8243; global_colors_info=&#8221;{}&#8221;][\/et_pb_image][\/et_pb_column][\/et_pb_row][et_pb_row _builder_version=&#8221;4.14.2&#8243; _module_preset=&#8221;default&#8221; global_colors_info=&#8221;{}&#8221;][et_pb_column type=&#8221;4_4&#8243; _builder_version=&#8221;4.14.2&#8243; _module_preset=&#8221;default&#8221; global_colors_info=&#8221;{}&#8221;][et_pb_image src=&#8221;http:\/\/mbejaouidesign.com\/wp-content\/uploads\/2022\/06\/MAEVA-BEJAOUI-M1-DA-COFFRET-DECOUVERTE-LOREAL-5-scaled.jpg&#8221; title_text=&#8221;MAEVA BEJAOUI &#8211; M1 DA COFFRET D\u00c9COUVERTE L&#8217;OREAL 5&#8243; _builder_version=&#8221;4.14.2&#8243; _module_preset=&#8221;default&#8221; global_colors_info=&#8221;{}&#8221;][\/et_pb_image][\/et_pb_column][\/et_pb_row][et_pb_row _builder_version=&#8221;4.14.2&#8243; _module_preset=&#8221;default&#8221; box_shadow_style=&#8221;preset1&#8243; global_colors_info=&#8221;{}&#8221;][et_pb_column type=&#8221;4_4&#8243; _builder_version=&#8221;4.14.2&#8243; _module_preset=&#8221;default&#8221; global_colors_info=&#8221;{}&#8221;][et_pb_image src=&#8221;http:\/\/mbejaouidesign.com\/wp-content\/uploads\/2022\/06\/MAEVA-BEJAOUI-M1-DA-COFFRET-DECOUVERTE-LOREAL-6-scaled.jpg&#8221; title_text=&#8221;MAEVA BEJAOUI &#8211; M1 DA COFFRET D\u00c9COUVERTE L&#8217;OREAL 6&#8243; _builder_version=&#8221;4.14.2&#8243; _module_preset=&#8221;default&#8221; global_colors_info=&#8221;{}&#8221;][\/et_pb_image][\/et_pb_column][\/et_pb_row][et_pb_row _builder_version=&#8221;4.14.2&#8243; _module_preset=&#8221;default&#8221; global_colors_info=&#8221;{}&#8221;][et_pb_column type=&#8221;4_4&#8243; _builder_version=&#8221;4.14.2&#8243; _module_preset=&#8221;default&#8221; global_colors_info=&#8221;{}&#8221;][et_pb_image src=&#8221;http:\/\/mbejaouidesign.com\/wp-content\/uploads\/2022\/06\/MAEVA-BEJAOUI-M1-DA-COFFRET-DECOUVERTE-LOREAL-7-scaled.jpg&#8221; title_text=&#8221;MAEVA BEJAOUI &#8211; M1 DA COFFRET D\u00c9COUVERTE L&#8217;OREAL 7&#8243; _builder_version=&#8221;4.14.2&#8243; _module_preset=&#8221;default&#8221; global_colors_info=&#8221;{}&#8221;][\/et_pb_image][\/et_pb_column][\/et_pb_row][et_pb_row column_structure=&#8221;1_2,1_2&#8243; _builder_version=&#8221;4.14.2&#8243; _module_preset=&#8221;default&#8221; transform_scale=&#8221;120%|120%&#8221; global_colors_info=&#8221;{}&#8221;][et_pb_column type=&#8221;1_2&#8243; _builder_version=&#8221;4.14.2&#8243; _module_preset=&#8221;default&#8221; global_colors_info=&#8221;{}&#8221;][et_pb_image src=&#8221;http:\/\/mbejaouidesign.com\/wp-content\/uploads\/2022\/06\/MAEVA-BEJAOUI-M1-DA-COFFRET-DECOUVERTE-LOREAL-8-scaled.jpg&#8221; title_text=&#8221;MAEVA BEJAOUI &#8211; M1 DA COFFRET D\u00c9COUVERTE L&#8217;OREAL 8&#8243; _builder_version=&#8221;4.14.2&#8243; _module_preset=&#8221;default&#8221; box_shadow_style=&#8221;preset1&#8243; global_colors_info=&#8221;{}&#8221;][\/et_pb_image][\/et_pb_column][et_pb_column type=&#8221;1_2&#8243; _builder_version=&#8221;4.14.2&#8243; _module_preset=&#8221;default&#8221; global_colors_info=&#8221;{}&#8221;][et_pb_image src=&#8221;http:\/\/mbejaouidesign.com\/wp-content\/uploads\/2022\/06\/MAEVA-BEJAOUI-M1-DA-COFFRET-DECOUVERTE-LOREAL-9-scaled.jpg&#8221; title_text=&#8221;MAEVA BEJAOUI &#8211; M1 DA COFFRET D\u00c9COUVERTE L&#8217;OREAL 9&#8243; _builder_version=&#8221;4.14.2&#8243; _module_preset=&#8221;default&#8221; global_colors_info=&#8221;{}&#8221;][\/et_pb_image][\/et_pb_column][\/et_pb_row][\/et_pb_section]<\/p>\n","protected":false},"excerpt":{"rendered":"<p>\u00c9tude de cas R\u00e9alisation du packaging pour un coffret d\u00e9couverte cosm\u00e9tique L\u2019Or\u00e9al et son pr\u00e9sentoir pour un \u00e9v\u00e8nement ponctuel. Concevoir les visuels de la boite (coffret), que vous d\u00e9clinerez sur son contenu (une bouteille de shampooing, un sachet savon liquide et un flacon de cr\u00e8me) et sur un pr\u00e9sentoir. Le but est de cr\u00e9er et [&hellip;]<\/p>\n","protected":false},"author":1,"featured_media":0,"parent":0,"menu_order":0,"comment_status":"closed","ping_status":"closed","template":"","meta":{"_et_pb_use_builder":"on","_et_pb_old_content":"","_et_gb_content_width":"","footnotes":""},"class_list":["post-195","page","type-page","status-publish","hentry"],"_links":{"self":[{"href":"https:\/\/mbejaouidesign.com\/index.php\/wp-json\/wp\/v2\/pages\/195","targetHints":{"allow":["GET"]}}],"collection":[{"href":"https:\/\/mbejaouidesign.com\/index.php\/wp-json\/wp\/v2\/pages"}],"about":[{"href":"https:\/\/mbejaouidesign.com\/index.php\/wp-json\/wp\/v2\/types\/page"}],"author":[{"embeddable":true,"href":"https:\/\/mbejaouidesign.com\/index.php\/wp-json\/wp\/v2\/users\/1"}],"replies":[{"embeddable":true,"href":"https:\/\/mbejaouidesign.com\/index.php\/wp-json\/wp\/v2\/comments?post=195"}],"version-history":[{"count":8,"href":"https:\/\/mbejaouidesign.com\/index.php\/wp-json\/wp\/v2\/pages\/195\/revisions"}],"predecessor-version":[{"id":382,"href":"https:\/\/mbejaouidesign.com\/index.php\/wp-json\/wp\/v2\/pages\/195\/revisions\/382"}],"wp:attachment":[{"href":"https:\/\/mbejaouidesign.com\/index.php\/wp-json\/wp\/v2\/media?parent=195"}],"curies":[{"name":"wp","href":"https:\/\/api.w.org\/{rel}","templated":true}]}}